{"id":2546,"date":"2017-09-20T14:24:05","date_gmt":"2017-09-20T18:24:05","guid":{"rendered":"http:\/\/www.blockbindings.com\/?page_id=2546"},"modified":"2017-11-23T11:40:24","modified_gmt":"2017-11-23T16:40:24","slug":"produits-reflechissants-3m-scotchlite","status":"publish","type":"page","link":"https:\/\/www.blockbindings.com\/fr\/produits\/produits-reflechissants-3m-scotchlite\/","title":{"rendered":"Produits r\u00e9fl\u00e9chissants 3M Scotchlite"},"content":{"rendered":"<h2>Produits r\u00e9fl\u00e9chissants 3M Scotchlite<\/h2>\n<p><img loading=\"lazy\" class=\"alignright size-full wp-image-2291\" src=\"http:\/\/www.blockbindings.com\/wp-content\/uploads\/2017\/02\/3M-Scotchlite-Authorized-Converter-1.png\" alt=\"3M Scotchlite Authorized Converter\" width=\"274\" height=\"139\" srcset=\"https:\/\/www.blockbindings.com\/wp-content\/uploads\/2017\/02\/3M-Scotchlite-Authorized-Converter-1.png 274w, https:\/\/www.blockbindings.com\/wp-content\/uploads\/2017\/02\/3M-Scotchlite-Authorized-Converter-1-100x50.png 100w\" sizes=\"(max-width: 274px) 100vw, 274px\" \/>Entoilages & biais Block convertit les produits 3M Scotchlite depuis le d\u00e9but du si\u00e8cle. Nous avons une usine haut de gamme capable de manufacturer des produits cousus, lamin\u00e9s et hybrides. Nous avons aussi un d\u00e9partement de graphisme pour satisfaire tous vos besoins en tissu r\u00e9fl\u00e9chissant, vinyle, ou imprim\u00e9.<br \/>\n<div class=\"spacer\"><\/div><!-- .spacer (end) -->\n<h3>Transferts thermiques et \u00e9cussons r\u00e9fl\u00e9chissants<\/h3>\n<p><img loading=\"lazy\" class=\"alignnone size-full wp-image-2256\" src=\"http:\/\/www.blockbindings.com\/wp-content\/uploads\/2017\/02\/3M-Scotchlite-heat-transfers-patches-1.jpg\" alt=\"3M-Scotchlite-heat-transfers-patches-1\" width=\"770\" height=\"175\" srcset=\"https:\/\/www.blockbindings.com\/wp-content\/uploads\/2017\/02\/3M-Scotchlite-heat-transfers-patches-1.jpg 770w, https:\/\/www.blockbindings.com\/wp-content\/uploads\/2017\/02\/3M-Scotchlite-heat-transfers-patches-1-300x68.jpg 300w, https:\/\/www.blockbindings.com\/wp-content\/uploads\/2017\/02\/3M-Scotchlite-heat-transfers-patches-1-768x175.jpg 768w\" sizes=\"(max-width: 770px) 100vw, 770px\" \/><\/p>\n<p>Notre ligne de produits 3M Scotchlite inclut des transferts thermiques et \u00e9cussons \u00e0 lavage domestique et industriel, r\u00e9sistant au feu et en plusieurs couleurs.<\/p>\n<p><a href=\"http:\/\/www.blockbindings.com\/wp-content\/uploads\/2017\/11\/8711-Coloured-Reflective-Product-Information-Sheet-FR.pdf\" target=\"_blank\">8711 (PDF)<\/a><br \/>\n<a href=\"http:\/\/www.blockbindings.com\/wp-content\/uploads\/2017\/11\/8725-Product-Information-Sheet-FR.pdf\" target=\"_blank\">8725 (PDF)<\/a><br \/>\n<a href=\"http:\/\/www.blockbindings.com\/wp-content\/uploads\/2017\/11\/8725-Sew-on-Patch-Product-Information-Sheet-FR.pdf\" target=\"_blank\">8725 pi\u00e8ces \u00e0 coudre (PDF)<\/a><br \/>\n<a href=\"http:\/\/www.blockbindings.com\/wp-content\/uploads\/2017\/02\/8725_Pro-Patch_Product_Information_Sheet.pdf\" target=\"_blank\">8725 Pro-Patch Silver Reflective Heat Transfers (PDF)<\/a><br \/>\n<a href=\"http:\/\/www.blockbindings.com\/wp-content\/uploads\/2017\/11\/8735-Product-Information-Sheet-FR.pdf\" target=\"_blank\">8735 (PDF)<\/a><br \/>\n<a href=\"http:\/\/www.blockbindings.com\/wp-content\/uploads\/2017\/11\/9720-Product-Information-Sheet-FR.pdf\" target=\"_blank\">9720 (PDF)<\/a><br \/>\n<a href=\"http:\/\/www.blockbindings.com\/wp-content\/uploads\/2017\/11\/9740-Product-Information-Sheet-FR.pdf\" target=\"_blank\">9740 (PDF)<\/a><\/p>\n<h3>Garnitures<\/h3>\n<p><img loading=\"lazy\" class=\"alignnone size-full wp-image-2272\" src=\"http:\/\/www.blockbindings.com\/wp-content\/uploads\/2017\/02\/3M-Scotchlite-reflective-trims-1.jpg\" alt=\"3M-Scotchlite-reflective-trims-1\" width=\"770\" height=\"175\" srcset=\"https:\/\/www.blockbindings.com\/wp-content\/uploads\/2017\/02\/3M-Scotchlite-reflective-trims-1.jpg 770w, https:\/\/www.blockbindings.com\/wp-content\/uploads\/2017\/02\/3M-Scotchlite-reflective-trims-1-300x68.jpg 300w, https:\/\/www.blockbindings.com\/wp-content\/uploads\/2017\/02\/3M-Scotchlite-reflective-trims-1-768x175.jpg 768w\" sizes=\"(max-width: 770px) 100vw, 770px\" \/><\/p>\n<p>Les garnitures 3M Scotchlite sont disponibles dans les styles cousu, lamin\u00e9, ou hybride. Disponibles aussi pour lavage domestique et industriel et en style r\u00e9sistant au feu.<\/p>\n<p><a href=\"http:\/\/www.blockbindings.com\/wp-content\/uploads\/2017\/11\/Fireweave-Product-Information-Sheet-FR.pdf\" target=\"_blank\">FireWeave X (PDF)<\/a><br \/>\n<a href=\"http:\/\/www.blockbindings.com\/wp-content\/uploads\/2017\/02\/3M_Scotchlite_Reflective_Converted_Trims.pdf\" target=\"_blank\">Converted Trims (PDF)<\/a><br \/>\n<a href=\"http:\/\/www.blockbindings.com\/wp-content\/uploads\/2017\/11\/Checkerboard-Pricing-Guide-FR.pdf\" target=\"_blank\">R\u00e9fl\u00e9chissant imprim\u00e9 damier (PDF)<\/a><\/p>\n<h3>Produits en rouleau<\/h3>\n<p>Nous sommes distributeurs autoris\u00e9s des produits r\u00e9fl\u00e9chissants 3M Scotchlite. Disponibles en rouleau pour lavage domestique et industriel et en style r\u00e9sistant au feu.<\/p>\n<p><a href=\"http:\/\/www.blockbindings.com\/wp-content\/uploads\/2017\/02\/Technical_Data_Sheet_Fabrics.pdf\" target=\"_blank\">Reflective Fabrics (PDF)<\/a><br \/>\n<a href=\"http:\/\/www.blockbindings.com\/wp-content\/uploads\/2017\/02\/Technical_Data_Sheet_Transfer_Films.pdf\" target=\"_blank\">Reflective Heat Transfer Films (PDF)<\/a><br \/>\n<a href=\"http:\/\/www.blockbindings.com\/wp-content\/uploads\/2017\/02\/Technical_Data_Sheet_High_Gloss.pdf\" target=\"_blank\">Hi Gloss Trims (PDF)<\/a><br \/>\n<a href=\"http:\/\/www.blockbindings.com\/wp-content\/uploads\/2017\/02\/3150_Technical_Data_Sheet.pdf\" target=\"_blank\">Solas (PDF)<\/a><br \/>\n<div class=\"spacer\"><\/div><!-- .spacer (end) -->\n","protected":false},"excerpt":{"rendered":"<p>Produits r\u00e9fl\u00e9chissants 3M Scotchlite Entoilages &#038; biais Block convertit les produits 3M Scotchlite depuis le d\u00e9but du si\u00e8cle. Nous avons une usine haut de gamme capable de manufacturer des produits cousus, lamin\u00e9s et hybrides. Nous avons aussi un d\u00e9partement de graphisme pour satisfaire tous vos besoins en tissu r\u00e9fl\u00e9chissant, vinyle, ou imprim\u00e9. Transferts thermiques et \u00e9cussons r\u00e9fl\u00e9chissants Notre ligne de&nbsp;<a href=\"https:\/\/www.blockbindings.com\/fr\/produits\/produits-reflechissants-3m-scotchlite\/\" class=\"read-more\">Lire la suite<\/a><\/p>\n","protected":false},"author":2,"featured_media":0,"parent":2544,"menu_order":0,"comment_status":"closed","ping_status":"closed","template":"","meta":[],"_links":{"self":[{"href":"https:\/\/www.blockbindings.com\/fr\/wp-json\/wp\/v2\/pages\/2546"}],"collection":[{"href":"https:\/\/www.blockbindings.com\/fr\/wp-json\/wp\/v2\/pages"}],"about":[{"href":"https:\/\/www.blockbindings.com\/fr\/wp-json\/wp\/v2\/types\/page"}],"author":[{"embeddable":true,"href":"https:\/\/www.blockbindings.com\/fr\/wp-json\/wp\/v2\/users\/2"}],"replies":[{"embeddable":true,"href":"https:\/\/www.blockbindings.com\/fr\/wp-json\/wp\/v2\/comments?post=2546"}],"version-history":[{"count":14,"href":"https:\/\/www.blockbindings.com\/fr\/wp-json\/wp\/v2\/pages\/2546\/revisions"}],"predecessor-version":[{"id":2668,"href":"https:\/\/www.blockbindings.com\/fr\/wp-json\/wp\/v2\/pages\/2546\/revisions\/2668"}],"up":[{"embeddable":true,"href":"https:\/\/www.blockbindings.com\/fr\/wp-json\/wp\/v2\/pages\/2544"}],"wp:attachment":[{"href":"https:\/\/www.blockbindings.com\/fr\/wp-json\/wp\/v2\/media?parent=2546"}],"curies":[{"name":"wp","href":"https:\/\/api.w.org\/{rel}","templated":true}]}}