{"id":2548,"date":"2017-09-20T14:24:53","date_gmt":"2017-09-20T18:24:53","guid":{"rendered":"http:\/\/www.blockbindings.com\/?page_id=2548"},"modified":"2017-11-23T11:32:30","modified_gmt":"2017-11-23T16:32:30","slug":"transferts-thermiques-ecussons-garnitures","status":"publish","type":"page","link":"https:\/\/www.blockbindings.com\/fr\/produits\/transferts-thermiques-ecussons-garnitures\/","title":{"rendered":"Transferts thermiques, \u00e9cussons et garnitures"},"content":{"rendered":"<h2>Transferts thermiques, \u00e9cussons et garnitures<\/h2>\n<p>Entoilages & biais Block d\u00e9tient une vari\u00e9t\u00e9 de transferts thermiques, d\u2019\u00e9cussons et de garnitures pour tous vos besoins. Ils sont disponibles comme produits finis et en rouleau.<\/p>\n<h3>Transferts thermiques \u00e0 une couleur<\/h3>\n<p>Notre ligne de produits ProCut sert \u00e0 customiser vos v\u00eatements avec des transferts \u00e0 une couleur.<\/p>\n<p><img loading=\"lazy\" class=\"alignright wp-image-2302 size-full\" src=\"http:\/\/www.blockbindings.com\/wp-content\/uploads\/2017\/02\/one-colour-heat-transfers-1.jpg\" alt=\"one-colour-heat-transfers-1\" width=\"342\" height=\"285\" srcset=\"https:\/\/www.blockbindings.com\/wp-content\/uploads\/2017\/02\/one-colour-heat-transfers-1.jpg 342w, https:\/\/www.blockbindings.com\/wp-content\/uploads\/2017\/02\/one-colour-heat-transfers-1-300x250.jpg 300w\" sizes=\"(max-width: 342px) 100vw, 342px\" \/><a href=\"http:\/\/www.blockbindings.com\/wp-content\/uploads\/2017\/11\/Pro-Cut-Glossy-Product-Information-Sheet-FR.pdf\" target=\"_blank\" rel=\"noopener\">Pro-Cut lustr\u00e9 (PDF)<\/a><br \/>\n<a href=\"http:\/\/www.blockbindings.com\/wp-content\/uploads\/2017\/11\/Pro-Cut-Product-Information-Sheet-FR.pdf\" target=\"_blank\" rel=\"noopener\">Pro-Cut (PDF)<\/a><br \/>\n<a href=\"http:\/\/www.blockbindings.com\/wp-content\/uploads\/2017\/11\/Pro-Cut-Nylon-Product-Information-Sheet-FR.pdf\" target=\"_blank\" rel=\"noopener\">Pro-Cut nylon (PDF)<\/a><br \/>\n<a href=\"http:\/\/www.blockbindings.com\/wp-content\/uploads\/2017\/11\/Pro-Cut-Stretch-Product-Information-Sheet-FR.pdf\" target=\"_blank\" rel=\"noopener\">Pro-Cut extensible (PDF)<\/a><br \/>\n<a href=\"http:\/\/www.blockbindings.com\/wp-content\/uploads\/2017\/11\/Pro-Cut-SubBlock-Product-Information-Sheet-FR.pdf\" target=\"_blank\" rel=\"noopener\">Pro-Cut sous-bloc (PDF)<\/a><\/p>\n<p>&nbsp;<\/p>\n<p>&nbsp;<\/p>\n<p>&nbsp;<\/p>\n<p>&nbsp;<\/p>\n<p>&nbsp;<\/p>\n<p>&nbsp;<\/p>\n<h3>Transferts thermiques \u00e0 plusieurs couleurs<\/h3>\n<p>Notre ligne de produits ProPrint sert \u00e0 customiser vos v\u00eatements avec des transferts \u00e0 plusieurs couleurs.<\/p>\n<p><img loading=\"lazy\" class=\"alignright wp-image-2303 size-full\" src=\"http:\/\/www.blockbindings.com\/wp-content\/uploads\/2017\/02\/multi-coloured-heat-transfers-1.jpg\" alt=\"multi-coloured-heat-transfers-1\" width=\"342\" height=\"285\" srcset=\"https:\/\/www.blockbindings.com\/wp-content\/uploads\/2017\/02\/multi-coloured-heat-transfers-1.jpg 342w, https:\/\/www.blockbindings.com\/wp-content\/uploads\/2017\/02\/multi-coloured-heat-transfers-1-300x250.jpg 300w\" sizes=\"(max-width: 342px) 100vw, 342px\" \/><a href=\"http:\/\/www.blockbindings.com\/wp-content\/uploads\/2017\/11\/Pro-Print-Clear-Matte-Product-Information-Sheet-FR.pdf\" target=\"_blank\" rel=\"noopener\">Pro-Print mat transparent (PDF)<\/a><br \/>\n<a href=\"http:\/\/www.blockbindings.com\/wp-content\/uploads\/2017\/11\/Pro-Print-Flock-Product-Information-Sheet-FR.pdf\" target=\"_blank\" rel=\"noopener\">Pro-Print effet velours (PDF)<\/a><br \/>\n<a href=\"http:\/\/www.blockbindings.com\/wp-content\/uploads\/2017\/11\/Pro-Print-Nylon-Product-Information-Sheet-FR.pdf\" target=\"_blank\" rel=\"noopener\">Pro-Print nylon (PDF)<\/a><br \/>\n<a href=\"http:\/\/www.blockbindings.com\/wp-content\/uploads\/2017\/11\/Pro-Print-Matte-Product-Information-Sheet-FR.pdf\" target=\"_blank\" rel=\"noopener\">Pro-Print mat (PDF)<\/a><br \/>\n<a href=\"http:\/\/www.blockbindings.com\/wp-content\/uploads\/2017\/11\/Pro-Print-Gloss-Product-Information-Sheet-FR.pdf\" target=\"_blank\" rel=\"noopener\">Pro-Print lustr\u00e9 (PDF)<\/a><br \/>\n<a href=\"http:\/\/www.blockbindings.com\/wp-content\/uploads\/2017\/11\/Pro-Print-SubBlock-Product-Information-Sheet-FR.pdf\" target=\"_blank\" rel=\"noopener\">Pro-Print sous-bloc (PDF)<\/a><\/p>\n<p>&nbsp;<\/p>\n<p>&nbsp;<\/p>\n<p>&nbsp;<\/p>\n<p>&nbsp;<\/p>\n<p>&nbsp;<\/p>\n<h3>Transferts thermiques r\u00e9fl\u00e9chissants<\/h3>\n<p>Nous avons des produits pour customiser vos v\u00eatements avec des transferts r\u00e9fl\u00e9chissants.<\/p>\n<p><img loading=\"lazy\" class=\"alignright size-full wp-image-2312\" src=\"http:\/\/www.blockbindings.com\/wp-content\/uploads\/2017\/02\/reflective-heat-transfers-1.jpg\" alt=\"reflective-heat-transfers-1\" width=\"342\" height=\"285\" srcset=\"https:\/\/www.blockbindings.com\/wp-content\/uploads\/2017\/02\/reflective-heat-transfers-1.jpg 342w, https:\/\/www.blockbindings.com\/wp-content\/uploads\/2017\/02\/reflective-heat-transfers-1-300x250.jpg 300w\" sizes=\"(max-width: 342px) 100vw, 342px\" \/><a href=\"http:\/\/www.blockbindings.com\/wp-content\/uploads\/2017\/11\/Pro-Cut-3D-Reflective-Product-Information-Sheet-FR.pdf\" target=\"_blank\" rel=\"noopener\">Pro-Cut r\u00e9fl\u00e9chissant 3D (PDF)<\/a><br \/>\n<a href=\"http:\/\/www.blockbindings.com\/wp-content\/uploads\/2017\/11\/Reflectra-Product-Information-Sheet-FR.pdf\" target=\"_blank\" rel=\"noopener\">Reflectra (PDF)<\/a><\/p>\n<p>&nbsp;<\/p>\n<p>&nbsp;<\/p>\n<p>&nbsp;<\/p>\n<p>&nbsp;<\/p>\n<p>&nbsp;<\/p>\n<p>&nbsp;<\/p>\n<h3>Garnitures<\/h3>\n<p>Les garnitures sont disponibles de style cousu, lamin\u00e9, ou hybride. Disponibles aussi pour lavage domestique et industriel et en style r\u00e9sistant au feu.<\/p>\n<p><img loading=\"lazy\" class=\"alignright size-full wp-image-2316\" src=\"http:\/\/www.blockbindings.com\/wp-content\/uploads\/2017\/02\/trims-1.jpg\" alt=\"trims-1\" width=\"342\" height=\"285\" srcset=\"https:\/\/www.blockbindings.com\/wp-content\/uploads\/2017\/02\/trims-1.jpg 342w, https:\/\/www.blockbindings.com\/wp-content\/uploads\/2017\/02\/trims-1-300x250.jpg 300w\" sizes=\"(max-width: 342px) 100vw, 342px\" \/><a href=\"http:\/\/www.blockbindings.com\/wp-content\/uploads\/2017\/11\/Stretch-Lite-Reflective-Lycra-Product-Information-Sheet-FR.pdf\" target=\"_blank\" rel=\"noopener\">Stretch-Lite (PDF)<\/a><br \/>\n<a href=\"http:\/\/www.blockbindings.com\/wp-content\/uploads\/2017\/11\/Fireweave-Product-Information-Sheet-FR.pdf\" target=\"_blank\" rel=\"noopener\">FireWeave X (PDF)<\/a><br \/>\n<a href=\"http:\/\/www.blockbindings.com\/wp-content\/uploads\/2017\/11\/Checkerboard-Pricing-Guide-FR.pdf\" target=\"_blank\" rel=\"noopener\">R\u00e9fl\u00e9chissant imprim\u00e9 damier (PDF)<\/a><br \/>\n<div class=\"spacer\"><\/div><!-- .spacer (end) -->\n<div class=\"spacer\"><\/div><!-- .spacer (end) -->\n<div class=\"spacer\"><\/div><!-- .spacer (end) -->\n<div class=\"spacer\"><\/div><!-- .spacer (end) -->\n<div class=\"spacer\"><\/div><!-- .spacer (end) -->\n<div class=\"spacer\"><\/div><!-- .spacer (end) -->\n<div class=\"spacer\"><\/div><!-- .spacer (end) -->\n<div class=\"spacer\"><\/div><!-- .spacer (end) -->\n<img loading=\"lazy\" class=\"alignright size-full wp-image-2318\" src=\"http:\/\/www.blockbindings.com\/wp-content\/uploads\/2017\/02\/trims-2.jpg\" alt=\"trims-2\" width=\"342\" height=\"285\" srcset=\"https:\/\/www.blockbindings.com\/wp-content\/uploads\/2017\/02\/trims-2.jpg 342w, https:\/\/www.blockbindings.com\/wp-content\/uploads\/2017\/02\/trims-2-300x250.jpg 300w\" sizes=\"(max-width: 342px) 100vw, 342px\" \/><\/p>\n","protected":false},"excerpt":{"rendered":"<p>Transferts thermiques, \u00e9cussons et garnitures Entoilages &#038; biais Block d\u00e9tient une vari\u00e9t\u00e9 de transferts thermiques, d\u2019\u00e9cussons et de garnitures pour tous vos besoins. Ils sont disponibles comme produits finis et en rouleau. Transferts thermiques \u00e0 une couleur Notre ligne de produits ProCut sert \u00e0 customiser vos v\u00eatements avec des transferts \u00e0 une couleur. Pro-Cut lustr\u00e9 (PDF) Pro-Cut (PDF) Pro-Cut nylon&nbsp;<a href=\"https:\/\/www.blockbindings.com\/fr\/produits\/transferts-thermiques-ecussons-garnitures\/\" class=\"read-more\">Lire la suite<\/a><\/p>\n","protected":false},"author":2,"featured_media":0,"parent":2544,"menu_order":1,"comment_status":"closed","ping_status":"closed","template":"","meta":[],"_links":{"self":[{"href":"https:\/\/www.blockbindings.com\/fr\/wp-json\/wp\/v2\/pages\/2548"}],"collection":[{"href":"https:\/\/www.blockbindings.com\/fr\/wp-json\/wp\/v2\/pages"}],"about":[{"href":"https:\/\/www.blockbindings.com\/fr\/wp-json\/wp\/v2\/types\/page"}],"author":[{"embeddable":true,"href":"https:\/\/www.blockbindings.com\/fr\/wp-json\/wp\/v2\/users\/2"}],"replies":[{"embeddable":true,"href":"https:\/\/www.blockbindings.com\/fr\/wp-json\/wp\/v2\/comments?post=2548"}],"version-history":[{"count":10,"href":"https:\/\/www.blockbindings.com\/fr\/wp-json\/wp\/v2\/pages\/2548\/revisions"}],"predecessor-version":[{"id":2665,"href":"https:\/\/www.blockbindings.com\/fr\/wp-json\/wp\/v2\/pages\/2548\/revisions\/2665"}],"up":[{"embeddable":true,"href":"https:\/\/www.blockbindings.com\/fr\/wp-json\/wp\/v2\/pages\/2544"}],"wp:attachment":[{"href":"https:\/\/www.blockbindings.com\/fr\/wp-json\/wp\/v2\/media?parent=2548"}],"curies":[{"name":"wp","href":"https:\/\/api.w.org\/{rel}","templated":true}]}}