{"id":2550,"date":"2017-09-20T14:25:34","date_gmt":"2017-09-20T18:25:34","guid":{"rendered":"http:\/\/www.blockbindings.com\/?page_id=2550"},"modified":"2017-11-23T08:15:05","modified_gmt":"2017-11-23T13:15:05","slug":"bandes-de-taille-tissu-de-poche","status":"publish","type":"page","link":"https:\/\/www.blockbindings.com\/fr\/produits\/bandes-de-taille-tissu-de-poche\/","title":{"rendered":"Bandes de taille &#038; tissu de poche"},"content":{"rendered":"<h2>Bandes de taille &amp; tissu de poche<\/h2>\n<p><img loading=\"lazy\" class=\"aligncenter size-full wp-image-2333\" src=\"http:\/\/www.blockbindings.com\/wp-content\/uploads\/2017\/02\/waistbands-pocketing-1.jpg\" alt=\"waistbands-pocketing-1\" width=\"770\" height=\"175\" srcset=\"https:\/\/www.blockbindings.com\/wp-content\/uploads\/2017\/02\/waistbands-pocketing-1.jpg 770w, https:\/\/www.blockbindings.com\/wp-content\/uploads\/2017\/02\/waistbands-pocketing-1-300x68.jpg 300w, https:\/\/www.blockbindings.com\/wp-content\/uploads\/2017\/02\/waistbands-pocketing-1-768x175.jpg 768w\" sizes=\"(max-width: 770px) 100vw, 770px\" \/><\/p>\n<h3>Bandes de taille<\/h3>\n<p>Vous cr\u00e9ez un nouvel ensemble de garnitures pour la saison? Joignez-vous avec notre \u00e9quipe pour vous aider \u00e0 communiquer un concept unifi\u00e9. Avec plus de 85 ans dans l\u2019industrie, nous avons l\u2019exp\u00e9rience n\u00e9cessaire pour construire la bande de taille pour vos pantalons. Nous faisons aussi des bandes de taille imprim\u00e9s et avec logo et nous sommes le seul manufacturier en Am\u00e9rique du Nord qui produit de la bande de taille pliss\u00e9 par grandeur en rouleaux continus. <\/p>\n<h3>Tissu de poche<\/h3>\n<p>Nous avons une gamme compl\u00e8te de cotons et polycotons disponibles en rouleaux ou coup\u00e9s et pliss\u00e9s tel que vos sp\u00e9cifications.<\/p>\n","protected":false},"excerpt":{"rendered":"<p>Bandes de taille &amp; tissu de poche Bandes de taille Vous cr\u00e9ez un nouvel ensemble de garnitures pour la saison? Joignez-vous avec notre \u00e9quipe pour vous aider \u00e0 communiquer un concept unifi\u00e9. Avec plus de 85 ans dans l\u2019industrie, nous avons l\u2019exp\u00e9rience n\u00e9cessaire pour construire la bande de taille pour vos pantalons. Nous faisons aussi des bandes de taille imprim\u00e9s&nbsp;<a href=\"https:\/\/www.blockbindings.com\/fr\/produits\/bandes-de-taille-tissu-de-poche\/\" class=\"read-more\">Lire la suite<\/a><\/p>\n","protected":false},"author":2,"featured_media":0,"parent":2544,"menu_order":2,"comment_status":"closed","ping_status":"closed","template":"","meta":[],"_links":{"self":[{"href":"https:\/\/www.blockbindings.com\/fr\/wp-json\/wp\/v2\/pages\/2550"}],"collection":[{"href":"https:\/\/www.blockbindings.com\/fr\/wp-json\/wp\/v2\/pages"}],"about":[{"href":"https:\/\/www.blockbindings.com\/fr\/wp-json\/wp\/v2\/types\/page"}],"author":[{"embeddable":true,"href":"https:\/\/www.blockbindings.com\/fr\/wp-json\/wp\/v2\/users\/2"}],"replies":[{"embeddable":true,"href":"https:\/\/www.blockbindings.com\/fr\/wp-json\/wp\/v2\/comments?post=2550"}],"version-history":[{"count":3,"href":"https:\/\/www.blockbindings.com\/fr\/wp-json\/wp\/v2\/pages\/2550\/revisions"}],"predecessor-version":[{"id":2620,"href":"https:\/\/www.blockbindings.com\/fr\/wp-json\/wp\/v2\/pages\/2550\/revisions\/2620"}],"up":[{"embeddable":true,"href":"https:\/\/www.blockbindings.com\/fr\/wp-json\/wp\/v2\/pages\/2544"}],"wp:attachment":[{"href":"https:\/\/www.blockbindings.com\/fr\/wp-json\/wp\/v2\/media?parent=2550"}],"curies":[{"name":"wp","href":"https:\/\/api.w.org\/{rel}","templated":true}]}}