{"id":2552,"date":"2017-09-20T14:26:00","date_gmt":"2017-09-20T18:26:00","guid":{"rendered":"http:\/\/www.blockbindings.com\/?page_id=2552"},"modified":"2017-11-23T08:16:21","modified_gmt":"2017-11-23T13:16:21","slug":"entoilages","status":"publish","type":"page","link":"https:\/\/www.blockbindings.com\/fr\/produits\/entoilages\/","title":{"rendered":"Entoilages"},"content":{"rendered":"<h2>Entoilages<\/h2>\n<p><img loading=\"lazy\" class=\"aligncenter wp-image-2366 size-full\" src=\"http:\/\/www.blockbindings.com\/wp-content\/uploads\/2017\/02\/interlinings-1.jpg\" alt=\"interlinings-1\" width=\"770\" height=\"175\" srcset=\"https:\/\/www.blockbindings.com\/wp-content\/uploads\/2017\/02\/interlinings-1.jpg 770w, https:\/\/www.blockbindings.com\/wp-content\/uploads\/2017\/02\/interlinings-1-300x68.jpg 300w, https:\/\/www.blockbindings.com\/wp-content\/uploads\/2017\/02\/interlinings-1-768x175.jpg 768w\" sizes=\"(max-width: 770px) 100vw, 770px\" \/><\/p>\n<h3>Grande vari\u00e9t\u00e9 pour tous les usages<\/h3>\n<p>Nous avons une grande vari\u00e9t\u00e9 d\u2019entoilages pour tous les usages. Avec nos partenaires, incluant Ahlstrom et Hansel Textil, nous avons d\u00e9velop\u00e9 des entoilages pour tous vos besoins. Que ce soit pour un costume haut de gamme, pour des tenues de sport, en mono ou bi-\u00e9lastiques, ou m\u00eame pour usage technique, notre ligne de produits contient une solution pour tous les situations.<\/p>\n","protected":false},"excerpt":{"rendered":"<p>Entoilages Grande vari\u00e9t\u00e9 pour tous les usages Nous avons une grande vari\u00e9t\u00e9 d\u2019entoilages pour tous les usages. Avec nos partenaires, incluant Ahlstrom et Hansel Textil, nous avons d\u00e9velop\u00e9 des entoilages pour tous vos besoins. Que ce soit pour un costume haut de gamme, pour des tenues de sport, en mono ou bi-\u00e9lastiques, ou m\u00eame pour usage technique, notre ligne de&nbsp;<a href=\"https:\/\/www.blockbindings.com\/fr\/produits\/entoilages\/\" class=\"read-more\">Lire la suite<\/a><\/p>\n","protected":false},"author":2,"featured_media":0,"parent":2544,"menu_order":3,"comment_status":"closed","ping_status":"closed","template":"","meta":[],"_links":{"self":[{"href":"https:\/\/www.blockbindings.com\/fr\/wp-json\/wp\/v2\/pages\/2552"}],"collection":[{"href":"https:\/\/www.blockbindings.com\/fr\/wp-json\/wp\/v2\/pages"}],"about":[{"href":"https:\/\/www.blockbindings.com\/fr\/wp-json\/wp\/v2\/types\/page"}],"author":[{"embeddable":true,"href":"https:\/\/www.blockbindings.com\/fr\/wp-json\/wp\/v2\/users\/2"}],"replies":[{"embeddable":true,"href":"https:\/\/www.blockbindings.com\/fr\/wp-json\/wp\/v2\/comments?post=2552"}],"version-history":[{"count":3,"href":"https:\/\/www.blockbindings.com\/fr\/wp-json\/wp\/v2\/pages\/2552\/revisions"}],"predecessor-version":[{"id":2622,"href":"https:\/\/www.blockbindings.com\/fr\/wp-json\/wp\/v2\/pages\/2552\/revisions\/2622"}],"up":[{"embeddable":true,"href":"https:\/\/www.blockbindings.com\/fr\/wp-json\/wp\/v2\/pages\/2544"}],"wp:attachment":[{"href":"https:\/\/www.blockbindings.com\/fr\/wp-json\/wp\/v2\/media?parent=2552"}],"curies":[{"name":"wp","href":"https:\/\/api.w.org\/{rel}","templated":true}]}}