{"id":2554,"date":"2017-09-20T14:26:39","date_gmt":"2017-09-20T18:26:39","guid":{"rendered":"http:\/\/www.blockbindings.com\/?page_id=2554"},"modified":"2017-11-23T08:17:07","modified_gmt":"2017-11-23T13:17:07","slug":"plastrons-tetes-de-manches","status":"publish","type":"page","link":"https:\/\/www.blockbindings.com\/fr\/produits\/plastrons-tetes-de-manches\/","title":{"rendered":"Plastrons &#038; t\u00eates de manches"},"content":{"rendered":"<h2>Plastrons &amp; t\u00eates de manches<\/h2>\n<p><img loading=\"lazy\" class=\"alignright size-full wp-image-2370\" src=\"http:\/\/www.blockbindings.com\/wp-content\/uploads\/2017\/02\/chest-pieces-sleeve-heads-1.jpg\" alt=\"chest-pieces-sleeve-heads-1\" width=\"342\" height=\"285\" srcset=\"https:\/\/www.blockbindings.com\/wp-content\/uploads\/2017\/02\/chest-pieces-sleeve-heads-1.jpg 342w, https:\/\/www.blockbindings.com\/wp-content\/uploads\/2017\/02\/chest-pieces-sleeve-heads-1-300x250.jpg 300w\" sizes=\"(max-width: 342px) 100vw, 342px\" \/>Nous sommes un manufacturier ind\u00e9pendant de plastrons et t\u00eates de manche. Nous utilisons plusieurs canevas d\u2019usines \u00e0 travers le monde.<\/p>\n<p>Nous avons des syst\u00e8mes CAD Gerber, Lectra et Investronica; c\u2019est notre plaisir de recevoir vos patrons par courriel et vous faire des \u00e9chantillons.<\/p>\n","protected":false},"excerpt":{"rendered":"<p>Plastrons &amp; t\u00eates de manches Nous sommes un manufacturier ind\u00e9pendant de plastrons et t\u00eates de manche. Nous utilisons plusieurs canevas d\u2019usines \u00e0 travers le monde. Nous avons des syst\u00e8mes CAD Gerber, Lectra et Investronica; c\u2019est notre plaisir de recevoir vos patrons par courriel et vous faire des \u00e9chantillons.<\/p>\n","protected":false},"author":2,"featured_media":0,"parent":2544,"menu_order":4,"comment_status":"closed","ping_status":"closed","template":"","meta":[],"_links":{"self":[{"href":"https:\/\/www.blockbindings.com\/fr\/wp-json\/wp\/v2\/pages\/2554"}],"collection":[{"href":"https:\/\/www.blockbindings.com\/fr\/wp-json\/wp\/v2\/pages"}],"about":[{"href":"https:\/\/www.blockbindings.com\/fr\/wp-json\/wp\/v2\/types\/page"}],"author":[{"embeddable":true,"href":"https:\/\/www.blockbindings.com\/fr\/wp-json\/wp\/v2\/users\/2"}],"replies":[{"embeddable":true,"href":"https:\/\/www.blockbindings.com\/fr\/wp-json\/wp\/v2\/comments?post=2554"}],"version-history":[{"count":2,"href":"https:\/\/www.blockbindings.com\/fr\/wp-json\/wp\/v2\/pages\/2554\/revisions"}],"predecessor-version":[{"id":2623,"href":"https:\/\/www.blockbindings.com\/fr\/wp-json\/wp\/v2\/pages\/2554\/revisions\/2623"}],"up":[{"embeddable":true,"href":"https:\/\/www.blockbindings.com\/fr\/wp-json\/wp\/v2\/pages\/2544"}],"wp:attachment":[{"href":"https:\/\/www.blockbindings.com\/fr\/wp-json\/wp\/v2\/media?parent=2554"}],"curies":[{"name":"wp","href":"https:\/\/api.w.org\/{rel}","templated":true}]}}