{"id":2558,"date":"2017-09-20T14:27:39","date_gmt":"2017-09-20T18:27:39","guid":{"rendered":"http:\/\/www.blockbindings.com\/?page_id=2558"},"modified":"2017-11-23T08:19:35","modified_gmt":"2017-11-23T13:19:35","slug":"biais","status":"publish","type":"page","link":"https:\/\/www.blockbindings.com\/fr\/produits\/biais\/","title":{"rendered":"Biais"},"content":{"rendered":"<h2>Biais<\/h2>\n<p><img loading=\"lazy\" src=\"http:\/\/www.blockbindings.com\/wp-content\/uploads\/2017\/02\/bias-bindings-1.jpg\" alt=\"bias-bindings-1\" width=\"770\" height=\"175\" class=\"aligncenter size-full wp-image-2372\" srcset=\"https:\/\/www.blockbindings.com\/wp-content\/uploads\/2017\/02\/bias-bindings-1.jpg 770w, https:\/\/www.blockbindings.com\/wp-content\/uploads\/2017\/02\/bias-bindings-1-300x68.jpg 300w, https:\/\/www.blockbindings.com\/wp-content\/uploads\/2017\/02\/bias-bindings-1-768x175.jpg 768w\" sizes=\"(max-width: 770px) 100vw, 770px\" \/><br \/>\nNous faisons du biais depuis 1924. Disponible en biais ouvert, pli\u00e9 au centre, pli\u00e9 en deux, pli\u00e9 deux fois et cousu avec corde. Nous pouvons faire tout cela avec vos tissus ou les n\u00f4tres. Nous avons du polycoton, polysatin, poly-spandex, l\u2019ac\u00e9tate, coton et nylon avec enduit.<\/p>\n","protected":false},"excerpt":{"rendered":"<p>Biais Nous faisons du biais depuis 1924. Disponible en biais ouvert, pli\u00e9 au centre, pli\u00e9 en deux, pli\u00e9 deux fois et cousu avec corde. Nous pouvons faire tout cela avec vos tissus ou les n\u00f4tres. Nous avons du polycoton, polysatin, poly-spandex, l\u2019ac\u00e9tate, coton et nylon avec enduit.<\/p>\n","protected":false},"author":2,"featured_media":0,"parent":2544,"menu_order":6,"comment_status":"closed","ping_status":"closed","template":"","meta":[],"_links":{"self":[{"href":"https:\/\/www.blockbindings.com\/fr\/wp-json\/wp\/v2\/pages\/2558"}],"collection":[{"href":"https:\/\/www.blockbindings.com\/fr\/wp-json\/wp\/v2\/pages"}],"about":[{"href":"https:\/\/www.blockbindings.com\/fr\/wp-json\/wp\/v2\/types\/page"}],"author":[{"embeddable":true,"href":"https:\/\/www.blockbindings.com\/fr\/wp-json\/wp\/v2\/users\/2"}],"replies":[{"embeddable":true,"href":"https:\/\/www.blockbindings.com\/fr\/wp-json\/wp\/v2\/comments?post=2558"}],"version-history":[{"count":2,"href":"https:\/\/www.blockbindings.com\/fr\/wp-json\/wp\/v2\/pages\/2558\/revisions"}],"predecessor-version":[{"id":2625,"href":"https:\/\/www.blockbindings.com\/fr\/wp-json\/wp\/v2\/pages\/2558\/revisions\/2625"}],"up":[{"embeddable":true,"href":"https:\/\/www.blockbindings.com\/fr\/wp-json\/wp\/v2\/pages\/2544"}],"wp:attachment":[{"href":"https:\/\/www.blockbindings.com\/fr\/wp-json\/wp\/v2\/media?parent=2558"}],"curies":[{"name":"wp","href":"https:\/\/api.w.org\/{rel}","templated":true}]}}