{"id":2560,"date":"2017-09-20T14:28:24","date_gmt":"2017-09-20T18:28:24","guid":{"rendered":"http:\/\/www.blockbindings.com\/?page_id=2560"},"modified":"2017-11-23T08:23:02","modified_gmt":"2017-11-23T13:23:02","slug":"tissus-tisses-etroits","status":"publish","type":"page","link":"https:\/\/www.blockbindings.com\/fr\/produits\/tissus-tisses-etroits\/","title":{"rendered":"Tissus tiss\u00e9s \u00e9troits"},"content":{"rendered":"<h2>Tissus tiss\u00e9s \u00e9troits<\/h2>\n<p><img loading=\"lazy\" class=\"aligncenter size-full wp-image-2378\" src=\"http:\/\/www.blockbindings.com\/wp-content\/uploads\/2017\/02\/narrow-woven-goods-1.jpg\" alt=\"narrow-woven-goods-1\" width=\"770\" height=\"175\" srcset=\"https:\/\/www.blockbindings.com\/wp-content\/uploads\/2017\/02\/narrow-woven-goods-1.jpg 770w, https:\/\/www.blockbindings.com\/wp-content\/uploads\/2017\/02\/narrow-woven-goods-1-300x68.jpg 300w, https:\/\/www.blockbindings.com\/wp-content\/uploads\/2017\/02\/narrow-woven-goods-1-768x175.jpg 768w\" sizes=\"(max-width: 770px) 100vw, 770px\" \/><br \/>\nNous manufacturons des tissus tiss\u00e9s \u00e9troites tel que vos sp\u00e9cifications. Disponibles style rigide ou \u00e9lastique, tiss\u00e9 ou tricot\u00e9. Nous sommes un manufacturier vertical et nous pouvons faire toute patron que vous choisissez.<\/p>\n<ul>\n<li>Grosgrains<\/li>\n<li>Cordons<\/li>\n<li>Imprim\u00e9s<\/li>\n<li>Silicon\u00e9s<\/li>\n<li>Sangles<\/li>\n<\/ul>\n<div class=\"spacer\"><\/div><!-- .spacer (end) -->\n<img loading=\"lazy\" class=\"aligncenter size-full wp-image-2380\" src=\"http:\/\/www.blockbindings.com\/wp-content\/uploads\/2017\/02\/narrow-woven-goods-2.jpg\" alt=\"narrow-woven-goods-2\" width=\"770\" height=\"175\" srcset=\"https:\/\/www.blockbindings.com\/wp-content\/uploads\/2017\/02\/narrow-woven-goods-2.jpg 770w, https:\/\/www.blockbindings.com\/wp-content\/uploads\/2017\/02\/narrow-woven-goods-2-300x68.jpg 300w, https:\/\/www.blockbindings.com\/wp-content\/uploads\/2017\/02\/narrow-woven-goods-2-768x175.jpg 768w\" sizes=\"(max-width: 770px) 100vw, 770px\" \/><\/p>\n","protected":false},"excerpt":{"rendered":"<p>Tissus tiss\u00e9s \u00e9troits Nous manufacturons des tissus tiss\u00e9s \u00e9troites tel que vos sp\u00e9cifications. Disponibles style rigide ou \u00e9lastique, tiss\u00e9 ou tricot\u00e9. Nous sommes un manufacturier vertical et nous pouvons faire toute patron que vous choisissez. Grosgrains Cordons Imprim\u00e9s Silicon\u00e9s Sangles<\/p>\n","protected":false},"author":2,"featured_media":0,"parent":2544,"menu_order":7,"comment_status":"closed","ping_status":"closed","template":"","meta":[],"_links":{"self":[{"href":"https:\/\/www.blockbindings.com\/fr\/wp-json\/wp\/v2\/pages\/2560"}],"collection":[{"href":"https:\/\/www.blockbindings.com\/fr\/wp-json\/wp\/v2\/pages"}],"about":[{"href":"https:\/\/www.blockbindings.com\/fr\/wp-json\/wp\/v2\/types\/page"}],"author":[{"embeddable":true,"href":"https:\/\/www.blockbindings.com\/fr\/wp-json\/wp\/v2\/users\/2"}],"replies":[{"embeddable":true,"href":"https:\/\/www.blockbindings.com\/fr\/wp-json\/wp\/v2\/comments?post=2560"}],"version-history":[{"count":4,"href":"https:\/\/www.blockbindings.com\/fr\/wp-json\/wp\/v2\/pages\/2560\/revisions"}],"predecessor-version":[{"id":2628,"href":"https:\/\/www.blockbindings.com\/fr\/wp-json\/wp\/v2\/pages\/2560\/revisions\/2628"}],"up":[{"embeddable":true,"href":"https:\/\/www.blockbindings.com\/fr\/wp-json\/wp\/v2\/pages\/2544"}],"wp:attachment":[{"href":"https:\/\/www.blockbindings.com\/fr\/wp-json\/wp\/v2\/media?parent=2560"}],"curies":[{"name":"wp","href":"https:\/\/api.w.org\/{rel}","templated":true}]}}