{"id":2564,"date":"2017-09-20T14:29:25","date_gmt":"2017-09-20T18:29:25","guid":{"rendered":"http:\/\/www.blockbindings.com\/?page_id=2564"},"modified":"2017-11-23T08:08:47","modified_gmt":"2017-11-23T13:08:47","slug":"a-propos","status":"publish","type":"page","link":"https:\/\/www.blockbindings.com\/fr\/a-propos\/","title":{"rendered":"\u00c0 propos"},"content":{"rendered":"<section class=\"parallax-box image-parallax-box parallax-box__style-1 parallax-box__negative-indent-1\" ><div class=\"parallax-content\">\n<div class=\"row \">\n<div class=\"span12 \"><h2>\u00c0 propos de nous<\/h2>\n<p><img loading=\"lazy\" src=\"http:\/\/www.blockbindings.com\/wp-content\/uploads\/2011\/07\/block-bindings-interlinings-1.jpg\" alt=\"block-bindings-interlinings-1\" width=\"570\" height=\"215\" class=\"alignright size-full wp-image-2363\" srcset=\"https:\/\/www.blockbindings.com\/wp-content\/uploads\/2011\/07\/block-bindings-interlinings-1.jpg 570w, https:\/\/www.blockbindings.com\/wp-content\/uploads\/2011\/07\/block-bindings-interlinings-1-300x113.jpg 300w\" sizes=\"(max-width: 570px) 100vw, 570px\" \/>Entoilages & biais Block est un fournisseur de garnitures et services depuis 1924. Nous sommes maintenant l\u2019un des plus grands fournisseurs de garnitures \u00e0 travers le Canada.<\/p>\n<h3>Mat\u00e9riels d\u2019haute qualit\u00e9<\/h3>\n<p>En \u00e9tant un distributeur et convertisseur autoris\u00e9 des produits r\u00e9fl\u00e9chissantes 3M Scotchlite, nous continuons de fournir des produits d\u2019haute qualit\u00e9 pour les industries de manufacturier en habillements et de lavage industriel. Nous ajoutons toujours \u00e0 notre usine pour mieux servir nos clients. R\u00e9cemment, nous avons achet\u00e9 une compagnie sp\u00e9cialis\u00e9e en imprimage et application de silicone avec tissus \u00e9troits incluant l\u2019\u00e9lastique. Nous avons aussi une usine en Honduras pour mieux servir les march\u00e9s d\u2019Am\u00e9rique centrale et de l\u2019Am\u00e9rique du Sud. Notre usine \u00e0 Montr\u00e9al d\u00e9tient un d\u00e9partement de graphisme pour faire la customisation de v\u00eatements.<\/p>\n<h3>Produits de qualit\u00e9 \u00e0 bons prix<\/h3>\n<p>Comme partenaire \u00e0 nos clients, notre objectif est de satisfaire vos besoins en produisant, convertir, ou distribuer des produits qui seront rentables pour vous. Avec un r\u00e9seau \u00e0 travers l\u2019Am\u00e9rique du Nord et l\u2019Am\u00e9rique centrale, nous sp\u00e9cialisons en standards de s\u00e9curit\u00e9, en composants d\u2019habillements et en proc\u00e8s de manufacture.<br \/><\/div>\n<\/div><!-- .row (end) -->\n<div class=\"clear\"><\/div><\/div><div class=\"parallax-bg\" data-parallax-type=\"image\" data-img-url=\"http:\/\/www.blockbindings.com\/wp-content\/uploads\/2016\/11\/parallax-img1.jpg\" data-speed=\"1.5\" data-invert=\"false\" data-fullwidth=\"true\"><\/div><\/section>\n","protected":false},"excerpt":{"rendered":"","protected":false},"author":2,"featured_media":0,"parent":0,"menu_order":3,"comment_status":"open","ping_status":"open","template":"page-fullwidth.php","meta":[],"_links":{"self":[{"href":"https:\/\/www.blockbindings.com\/fr\/wp-json\/wp\/v2\/pages\/2564"}],"collection":[{"href":"https:\/\/www.blockbindings.com\/fr\/wp-json\/wp\/v2\/pages"}],"about":[{"href":"https:\/\/www.blockbindings.com\/fr\/wp-json\/wp\/v2\/types\/page"}],"author":[{"embeddable":true,"href":"https:\/\/www.blockbindings.com\/fr\/wp-json\/wp\/v2\/users\/2"}],"replies":[{"embeddable":true,"href":"https:\/\/www.blockbindings.com\/fr\/wp-json\/wp\/v2\/comments?post=2564"}],"version-history":[{"count":7,"href":"https:\/\/www.blockbindings.com\/fr\/wp-json\/wp\/v2\/pages\/2564\/revisions"}],"predecessor-version":[{"id":2617,"href":"https:\/\/www.blockbindings.com\/fr\/wp-json\/wp\/v2\/pages\/2564\/revisions\/2617"}],"wp:attachment":[{"href":"https:\/\/www.blockbindings.com\/fr\/wp-json\/wp\/v2\/media?parent=2564"}],"curies":[{"name":"wp","href":"https:\/\/api.w.org\/{rel}","templated":true}]}}